{"id":466,"date":"2021-08-26T11:17:09","date_gmt":"2021-08-26T11:17:09","guid":{"rendered":"https:\/\/campussul.pt\/inovacao\/"},"modified":"2021-12-10T15:51:56","modified_gmt":"2021-12-10T15:51:56","slug":"innovation","status":"publish","type":"page","link":"https:\/\/campussul.pt\/en\/innovation\/","title":{"rendered":"Innovation"},"content":{"rendered":"<div class=\"section-full-width section-light\" style=\"background-color:#ffffff;\" id=\"abouttheinnovation\"><div class=\"section-boxed\" style=\"color:#777777;\"><h4 style=\"color:#252525;\" class=\"sub-title\">Campus Sul<\/h4><h2 class=\"section-title\" style=\"color:#252525;\">About the Innovation<\/h2><\/p>\n<p style=\"text-align: center;\">One of the priorities of the South Campus is to support the inter-regional development of the South through intervention programs in the territory and innovative initiatives in the communities, <strong>in an interdisciplinary logic and in collaboration with the economic and social fabric of the region.<\/strong><br \/>\nIn this sense, the South Campsu will develop <strong>Centers for Applied Knowledge and Innovation for Sustainability<\/strong> [CAIS], focused on designing innovative solutions in specific areas of sustainable development in the South, based on the existing infrastructures.<\/p>\n<p>\n<\/div><\/div>\n<div class=\"video-wrap\"><iframe loading=\"lazy\" title=\"V\u00eddeo Inova\u00e7\u00e3o\" width=\"200\" height=\"113\" src=\"https:\/\/www.youtube.com\/embed\/nw9suZgchJw?feature=oembed\" frameborder=\"0\" allow=\"accelerometer; autoplay; clipboard-write; encrypted-media; gyroscope; picture-in-picture\" allowfullscreen><\/iframe><\/div>\n\n<div class=\"section-full-width section-dark\" style=\"background-color:#252525;\" id=\"section-1\"><div class=\"section-boxed\" style=\"color:#ffffff;\"><div class=\"portfolio-carousel pc-no-spacing pc-effect-icon pc-effect-zoom pc-effect-overlay\"><div class=\"pc-header\"><div class=\"carousel-title\"> <h4 class=\"small-title\">Centers for applied knowledge and innovation for sustainability<\/h4><\/div><\/div><div class=\"pc-wrapper\"><div class=\"pc-holder\"><div class=\"pc-page-wrapper\"><div class=\"pc-item\" data-defwidth=\"396\" data-type=\"smallslider\" data-itemid=\"870\"><a href=\"https:\/\/campussul.pt\/en\/portfolio\/cais-city-21\/\" title=\"CAIS City 21\"><div class=\"pg-img-wrapper\"><span class=\"icon-circle\"><span class=\"pg-icon smallslider-icon\"><\/span><\/span><img decoding=\"async\" src=\"https:\/\/campussul.pt\/wp-content\/uploads\/2021\/08\/velhotes-586x349.jpg\" alt=\"CAIS City 21\"\/><\/div><div class=\"pg-info\"><div class=\"pg-details\"><h2>CAIS City 21<\/h2><span class=\"pg-categories\">CAIS<\/span><\/div><\/div><\/a><\/div><div class=\"pc-item\" data-defwidth=\"396\" data-type=\"smallslider\" data-itemid=\"868\"><a href=\"https:\/\/campussul.pt\/en\/portfolio\/cais-massa\/\" title=\"CAIS Massa\"><div class=\"pg-img-wrapper\"><span class=\"icon-circle\"><span class=\"pg-icon smallslider-icon\"><\/span><\/span><img decoding=\"async\" src=\"https:\/\/campussul.pt\/wp-content\/uploads\/2021\/08\/agricultura-scaled-586x349.jpg\" alt=\"CAIS Massa\"\/><\/div><div class=\"pg-info\"><div class=\"pg-details\"><h2>CAIS Massa<\/h2><span class=\"pg-categories\">CAIS<\/span><\/div><\/div><\/a><\/div><\/div><div class=\"pc-page-wrapper\"><div class=\"pc-item\" data-defwidth=\"396\" data-type=\"smallslider\" data-itemid=\"865\"><a href=\"https:\/\/campussul.pt\/en\/portfolio\/cais-sphera\/\" title=\"CAIS Sphera\"><div class=\"pg-img-wrapper\"><span class=\"icon-circle\"><span class=\"pg-icon smallslider-icon\"><\/span><\/span><img decoding=\"async\" src=\"https:\/\/campussul.pt\/wp-content\/uploads\/2021\/08\/patrimonio2-scaled-586x349.jpg\" alt=\"CAIS Sphera\"\/><\/div><div class=\"pg-info\"><div class=\"pg-details\"><h2>CAIS Sphera<\/h2><span class=\"pg-categories\">CAIS<\/span><\/div><\/div><\/a><\/div><div class=\"pc-item\" data-defwidth=\"396\" data-type=\"smallslider\" data-itemid=\"864\"><a href=\"https:\/\/campussul.pt\/en\/portfolio\/cais-sagres\/\" title=\"CAIS Sagres\"><div class=\"pg-img-wrapper\"><span class=\"icon-circle\"><span class=\"pg-icon smallslider-icon\"><\/span><\/span><img decoding=\"async\" src=\"https:\/\/campussul.pt\/wp-content\/uploads\/2021\/08\/mar-scaled-586x349.jpg\" alt=\"CAIS Sagres\"\/><\/div><div class=\"pg-info\"><div class=\"pg-details\"><h2>CAIS Sagres<\/h2><span class=\"pg-categories\">CAIS<\/span><\/div><\/div><\/a><\/div><\/div><\/div><\/div><div class=\"clear\"><\/div><a class=\"link-title\" href=\"\">Know more<span class=\"more-arrow\">&rsaquo;<\/span><\/a><div class=\"clear\"><\/div><\/div>\n<\/div><\/div>\n<div class=\"portfolio-carousel pc-no-link pc-spacing pc-effect-icon pc-effect-zoom pc-effect-overlay\"><div class=\"pc-header\"><div class=\"carousel-title\"> <h4 class=\"small-title\">Existing infrastructures that allow the immediate activation of CAIS<\/h4><\/div><\/div><div class=\"pc-wrapper\"><div class=\"pc-holder\"><div class=\"pc-page-wrapper\"><div class=\"pc-item\" data-defwidth=\"396\" data-type=\"smallslider\" data-itemid=\"421\"><a href=\"https:\/\/campussul.pt\/en\/portfolio\/novaiat\/\" title=\"Instituto de Arte e Tecnologia (NOVA IAT)\"><div class=\"pg-img-wrapper\"><span class=\"icon-circle\"><span class=\"pg-icon smallslider-icon\"><\/span><\/span><img decoding=\"async\" src=\"http:\/\/campussul.pt\/wp-content\/uploads\/2021\/08\/pexels-thisisengineering-3861969-scaled.jpg\" alt=\"Instituto de Arte e Tecnologia (NOVA IAT)\"\/><\/div><div class=\"pg-info\"><div class=\"pg-details\"><h2>Instituto de Arte e Tecnologia (NOVA IAT)<\/h2><span class=\"pg-categories\">Infraestruturas<\/span><\/div><\/div><\/a><\/div><div class=\"pc-item\" data-defwidth=\"396\" data-type=\"smallslider\" data-itemid=\"420\"><a href=\"https:\/\/campussul.pt\/en\/portfolio\/s2aquacolab\/\" title=\"S2AquaColab\"><div class=\"pg-img-wrapper\"><span class=\"icon-circle\"><span class=\"pg-icon smallslider-icon\"><\/span><\/span><img decoding=\"async\" src=\"http:\/\/campussul.pt\/wp-content\/uploads\/2021\/08\/pexels-irina-iriser-1086584-scaled.jpg\" alt=\"S2AquaColab\"\/><\/div><div class=\"pg-info\"><div class=\"pg-details\"><h2>S2AquaColab<\/h2><span class=\"pg-categories\">Infraestruturas<\/span><\/div><\/div><\/a><\/div><\/div><div class=\"pc-page-wrapper\"><div class=\"pc-item\" data-defwidth=\"396\" data-type=\"smallslider\" data-itemid=\"419\"><a href=\"https:\/\/campussul.pt\/en\/portfolio\/innovplant\/\" title=\"INNOVPlantProtect\"><div class=\"pg-img-wrapper\"><span class=\"icon-circle\"><span class=\"pg-icon smallslider-icon\"><\/span><\/span><img decoding=\"async\" src=\"http:\/\/campussul.pt\/wp-content\/uploads\/2021\/08\/pexels-pixabay-459301-scaled.jpg\" alt=\"INNOVPlantProtect\"\/><\/div><div class=\"pg-info\"><div class=\"pg-details\"><h2>INNOVPlantProtect<\/h2><span class=\"pg-categories\">Infraestruturas<\/span><\/div><\/div><\/a><\/div><div class=\"pc-item\" data-defwidth=\"396\" data-type=\"smallslider\" data-itemid=\"418\"><a href=\"https:\/\/campussul.pt\/en\/portfolio\/trials\/\" title=\"TRIALS - Transfer\u00eancia da Investiga\u00e7\u00e3o para uma sociedade com lideran\u00e7a avan\u00e7ada\"><div class=\"pg-img-wrapper\"><span class=\"icon-circle\"><span class=\"pg-icon smallslider-icon\"><\/span><\/span><img decoding=\"async\" src=\"http:\/\/campussul.pt\/wp-content\/uploads\/2021\/08\/pexels-karolina-grabowska-4021779-scaled.jpg\" alt=\"TRIALS - Transfer\u00eancia da Investiga\u00e7\u00e3o para uma sociedade com lideran\u00e7a avan\u00e7ada\"\/><\/div><div class=\"pg-info\"><div class=\"pg-details\"><h2>TRIALS - Transfer\u00eancia da Investiga\u00e7\u00e3o para uma sociedade com lideran\u00e7a avan\u00e7ada<\/h2><span class=\"pg-categories\">Infraestruturas<\/span><\/div><\/div><\/a><\/div><\/div><div class=\"pc-page-wrapper\"><div class=\"pc-item\" data-defwidth=\"396\" data-type=\"smallslider\" data-itemid=\"417\"><a href=\"https:\/\/campussul.pt\/en\/portfolio\/inno\/\" title=\"INNO - Centro de Inova\u00e7\u00e3o Social da Nova\"><div class=\"pg-img-wrapper\"><span class=\"icon-circle\"><span class=\"pg-icon smallslider-icon\"><\/span><\/span><img decoding=\"async\" src=\"http:\/\/campussul.pt\/wp-content\/uploads\/2021\/08\/Reitoria_primavera-9-scaled.jpg\" alt=\"INNO - Centro de Inova\u00e7\u00e3o Social da Nova\"\/><\/div><div class=\"pg-info\"><div class=\"pg-details\"><h2>INNO - Centro de Inova\u00e7\u00e3o Social da Nova<\/h2><span class=\"pg-categories\">Infraestruturas<\/span><\/div><\/div><\/a><\/div><\/div><\/div><\/div><div class=\"clear\"><\/div><div class=\"clear\"><\/div><\/div>\n<p>&nbsp;<\/p>\n<p>&nbsp;<\/p>\n","protected":false},"excerpt":{"rendered":"<p>&nbsp; &nbsp;<\/p>\n","protected":false},"author":1,"featured_media":0,"parent":0,"menu_order":0,"comment_status":"open","ping_status":"open","template":"template-full-custom.php","meta":{"footnotes":""},"class_list":["post-466","page","type-page","status-publish","hentry"],"_links":{"self":[{"href":"https:\/\/campussul.pt\/en\/wp-json\/wp\/v2\/pages\/466","targetHints":{"allow":["GET"]}}],"collection":[{"href":"https:\/\/campussul.pt\/en\/wp-json\/wp\/v2\/pages"}],"about":[{"href":"https:\/\/campussul.pt\/en\/wp-json\/wp\/v2\/types\/page"}],"author":[{"embeddable":true,"href":"https:\/\/campussul.pt\/en\/wp-json\/wp\/v2\/users\/1"}],"replies":[{"embeddable":true,"href":"https:\/\/campussul.pt\/en\/wp-json\/wp\/v2\/comments?post=466"}],"version-history":[{"count":5,"href":"https:\/\/campussul.pt\/en\/wp-json\/wp\/v2\/pages\/466\/revisions"}],"predecessor-version":[{"id":858,"href":"https:\/\/campussul.pt\/en\/wp-json\/wp\/v2\/pages\/466\/revisions\/858"}],"wp:attachment":[{"href":"https:\/\/campussul.pt\/en\/wp-json\/wp\/v2\/media?parent=466"}],"curies":[{"name":"wp","href":"https:\/\/api.w.org\/{rel}","templated":true}]}}