{"id":432,"date":"2021-08-26T11:04:32","date_gmt":"2021-08-26T11:04:32","guid":{"rendered":"https:\/\/campussul.pt\/investigacao\/"},"modified":"2021-12-10T15:51:21","modified_gmt":"2021-12-10T15:51:21","slug":"research","status":"publish","type":"page","link":"https:\/\/campussul.pt\/en\/research\/","title":{"rendered":"Research"},"content":{"rendered":"<div class=\"section-full-width section-light\" style=\"background-color:#ffffff;\" id=\"abouttheresearch\"><div class=\"section-boxed\" style=\"color:#252525;\"><h4 style=\"color:#252525;\" class=\"sub-title\">Campus Sul<\/h4><h2 class=\"section-title\" style=\"color:#252525;\">About the research<\/h2><\/p>\n<p style=\"text-align: center;\">The University of \u00c9vora, University of Algarve, and NOVA University Lisbon are partners in several national and European research projects in different scientific fields, with a special focus on the areas of Agricultural Sciences, Social Sciences, Environment and Heritage, allowing to combine the resources and skills residing in each of the universities to create new knowledge that will support the enhancement of the southern region of Portugal.<br \/>\nWith more than 300 articles published in co-authorship between the 3 institutions from 2015 to 2020, mainly in the areas of agricultural and biological sciences, social sciences, medicine and environmental sciences, the Universities of southern Portugal are committed to jointly contributing to the increase of territorial cohesion and the development of solutions that tackle the great challenges of today, in particular those specific to the southern region.<\/p>\n<p style=\"text-align: center;\">From the respective Associated Centers and Laboratories in which they participate, the Universities of the South Campus will reinforce research of excellence and collaborative scientific work, particularly seeking to value cultural diversity, to make cities and communities more inclusive and sustainable, to ensure more efficient consumption and production standards, and to support the conservation of seas, oceans and marine biodiversity.<\/p>\n<p>\n<\/div><\/div>\n<div class=\"video-wrap\"><iframe loading=\"lazy\" title=\"V\u00eddeo Investiga\u00e7\u00e3o\" width=\"200\" height=\"113\" src=\"https:\/\/www.youtube.com\/embed\/YUMoFy_LP6o?feature=oembed\" frameborder=\"0\" allow=\"accelerometer; autoplay; clipboard-write; encrypted-media; gyroscope; picture-in-picture\" allowfullscreen><\/iframe><\/div>\n\n<div class=\"portfolio-carousel pc-no-link pc-spacing pc-effect-icon pc-effect-zoom pc-effect-overlay\"><div class=\"pc-header\"><div class=\"carousel-title\"> <h4 class=\"small-title\">R&amp;D Units<\/h4><\/div><\/div><div class=\"pc-wrapper\"><div class=\"pc-holder\"><div class=\"pc-page-wrapper\"><div class=\"pc-item\" data-defwidth=\"396\" data-type=\"smallslider\" data-itemid=\"404\"><a href=\"https:\/\/campussul.pt\/en\/portfolio\/lincs\/\" title=\"NOVA LINCS NOVA Laboratory of Computer  Science and Informatics\"><div class=\"pg-img-wrapper\"><span class=\"icon-circle\"><span class=\"pg-icon smallslider-icon\"><\/span><\/span><img decoding=\"async\" src=\"http:\/\/campussul.pt\/wp-content\/uploads\/2021\/08\/novalincs-1.png\" alt=\"NOVA LINCS NOVA Laboratory of Computer  Science and Informatics\"\/><\/div><div class=\"pg-info\"><div class=\"pg-details\"><h2>NOVA LINCS NOVA Laboratory of Computer  Science and Informatics<\/h2><span class=\"pg-categories\">Investiga\u00e7\u00e3o - Unidades de I&amp;D<\/span><\/div><\/div><\/a><\/div><div class=\"pc-item\" data-defwidth=\"396\" data-type=\"smallslider\" data-itemid=\"403\"><a href=\"https:\/\/campussul.pt\/en\/portfolio\/med\/\" title=\"MED Mediterranean Institute for Agriculture,  Environment and Development\"><div class=\"pg-img-wrapper\"><span class=\"icon-circle\"><span class=\"pg-icon smallslider-icon\"><\/span><\/span><img decoding=\"async\" src=\"http:\/\/campussul.pt\/wp-content\/uploads\/2021\/08\/med-1.jpg\" alt=\"MED Mediterranean Institute for Agriculture,  Environment and Development\"\/><\/div><div class=\"pg-info\"><div class=\"pg-details\"><h2>MED Mediterranean Institute for Agriculture,  Environment and Development<\/h2><span class=\"pg-categories\">Investiga\u00e7\u00e3o - Unidades de I&amp;D<\/span><\/div><\/div><\/a><\/div><\/div><div class=\"pc-page-wrapper\"><div class=\"pc-item\" data-defwidth=\"396\" data-type=\"smallslider\" data-itemid=\"402\"><a href=\"https:\/\/campussul.pt\/en\/portfolio\/chrc\/\" title=\"CHRC Comprehensive Health Research  Centre (CHRC)\"><div class=\"pg-img-wrapper\"><span class=\"icon-circle\"><span class=\"pg-icon smallslider-icon\"><\/span><\/span><img decoding=\"async\" src=\"http:\/\/campussul.pt\/wp-content\/uploads\/2021\/08\/chrc-1.jpg\" alt=\"CHRC Comprehensive Health Research  Centre (CHRC)\"\/><\/div><div class=\"pg-info\"><div class=\"pg-details\"><h2>CHRC Comprehensive Health Research  Centre (CHRC)<\/h2><span class=\"pg-categories\">Investiga\u00e7\u00e3o - Unidades de I&amp;D<\/span><\/div><\/div><\/a><\/div><div class=\"pc-item\" data-defwidth=\"396\" data-type=\"smallslider\" data-itemid=\"401\"><a href=\"https:\/\/campussul.pt\/en\/portfolio\/cintesis\/\" title=\"CINTESIS Center for Health Technology  and Services Research\"><div class=\"pg-img-wrapper\"><span class=\"icon-circle\"><span class=\"pg-icon smallslider-icon\"><\/span><\/span><img decoding=\"async\" src=\"http:\/\/campussul.pt\/wp-content\/uploads\/2021\/08\/cintesis-1.jpg\" alt=\"CINTESIS Center for Health Technology  and Services Research\"\/><\/div><div class=\"pg-info\"><div class=\"pg-details\"><h2>CINTESIS Center for Health Technology  and Services Research<\/h2><span class=\"pg-categories\">Investiga\u00e7\u00e3o - Unidades de I&amp;D<\/span><\/div><\/div><\/a><\/div><\/div><div class=\"pc-page-wrapper\"><div class=\"pc-item\" data-defwidth=\"396\" data-type=\"smallslider\" data-itemid=\"400\"><a href=\"https:\/\/campussul.pt\/en\/portfolio\/ihc\/\" title=\"IHC Institute of Contemporary History\"><div class=\"pg-img-wrapper\"><span class=\"icon-circle\"><span class=\"pg-icon smallslider-icon\"><\/span><\/span><img decoding=\"async\" src=\"http:\/\/campussul.pt\/wp-content\/uploads\/2021\/08\/ihc-1.jpg\" alt=\"IHC Institute of Contemporary History\"\/><\/div><div class=\"pg-info\"><div class=\"pg-details\"><h2>IHC Institute of Contemporary History<\/h2><span class=\"pg-categories\">Investiga\u00e7\u00e3o - Unidades de I&amp;D<\/span><\/div><\/div><\/a><\/div><div class=\"pc-item\" data-defwidth=\"396\" data-type=\"smallslider\" data-itemid=\"399\"><a href=\"https:\/\/campussul.pt\/en\/portfolio\/cics\/\" title=\"CICS.NOVA Interdisciplinary Centre of Social Sciences\"><div class=\"pg-img-wrapper\"><span class=\"icon-circle\"><span class=\"pg-icon smallslider-icon\"><\/span><\/span><img decoding=\"async\" src=\"http:\/\/campussul.pt\/wp-content\/uploads\/2021\/08\/cicsnova-1.png\" alt=\"CICS.NOVA Interdisciplinary Centre of Social Sciences\"\/><\/div><div class=\"pg-info\"><div class=\"pg-details\"><h2>CICS.NOVA Interdisciplinary Centre of Social Sciences<\/h2><span class=\"pg-categories\">Investiga\u00e7\u00e3o - Unidades de I&amp;D<\/span><\/div><\/div><\/a><\/div><\/div><div class=\"pc-page-wrapper\"><div class=\"pc-item\" data-defwidth=\"396\" data-type=\"smallslider\" data-itemid=\"398\"><a href=\"https:\/\/campussul.pt\/en\/portfolio\/cesem\/\" title=\"CESEM Research Centre for the Sociology  and Aesthetics of Music\"><div class=\"pg-img-wrapper\"><span class=\"icon-circle\"><span class=\"pg-icon smallslider-icon\"><\/span><\/span><img decoding=\"async\" src=\"http:\/\/campussul.pt\/wp-content\/uploads\/2021\/08\/cesem-1.png\" alt=\"CESEM Research Centre for the Sociology  and Aesthetics of Music\"\/><\/div><div class=\"pg-info\"><div class=\"pg-details\"><h2>CESEM Research Centre for the Sociology  and Aesthetics of Music<\/h2><span class=\"pg-categories\">Investiga\u00e7\u00e3o - Unidades de I&amp;D<\/span><\/div><\/div><\/a><\/div><div class=\"pc-item\" data-defwidth=\"396\" data-type=\"smallslider\" data-itemid=\"397\"><a href=\"https:\/\/campussul.pt\/en\/portfolio\/mare\/\" title=\"MARE - Marine and Environmental Sciences Centre\"><div class=\"pg-img-wrapper\"><span class=\"icon-circle\"><span class=\"pg-icon smallslider-icon\"><\/span><\/span><img decoding=\"async\" src=\"http:\/\/campussul.pt\/wp-content\/uploads\/2021\/08\/mare-1.jpg\" alt=\"MARE - Marine and Environmental Sciences Centre\"\/><\/div><div class=\"pg-info\"><div class=\"pg-details\"><h2>MARE - Marine and Environmental Sciences Centre<\/h2><span class=\"pg-categories\">Investiga\u00e7\u00e3o - Unidades de I&amp;D<\/span><\/div><\/div><\/a><\/div><\/div><div class=\"pc-page-wrapper\"><div class=\"pc-item\" data-defwidth=\"396\" data-type=\"smallslider\" data-itemid=\"395\"><a href=\"https:\/\/campussul.pt\/en\/portfolio\/laqv-requimte-associated-laboratory-for-green-chemistry-clean-technologies-and-processes\/\" title=\"LAQV-REQUIMTE Associated Laboratory for Green Chemistry  - Clean Technologies and Processes\"><div class=\"pg-img-wrapper\"><span class=\"icon-circle\"><span class=\"pg-icon smallslider-icon\"><\/span><\/span><img decoding=\"async\" src=\"http:\/\/campussul.pt\/wp-content\/uploads\/2021\/08\/LAQV2-1.jpeg\" alt=\"LAQV-REQUIMTE Associated Laboratory for Green Chemistry  - Clean Technologies and Processes\"\/><\/div><div class=\"pg-info\"><div class=\"pg-details\"><h2>LAQV-REQUIMTE Associated Laboratory for Green Chemistry  - Clean Technologies and Processes<\/h2><span class=\"pg-categories\">Investiga\u00e7\u00e3o - Unidades de I&amp;D<\/span><\/div><\/div><\/a><\/div><\/div><\/div><\/div><div class=\"clear\"><\/div><div class=\"clear\"><\/div><\/div>\n<div class=\"section-full-width section-dark\" style=\"background-color:#252525;\" id=\"section-1\"><div class=\"section-boxed\" style=\"color:#ffffff;\"><div class=\"portfolio-carousel pc-no-spacing pc-effect-icon pc-effect-zoom pc-effect-overlay\"><div class=\"pc-header\"><div class=\"carousel-title\"> <h4 class=\"small-title\">Integrated Training Offer<\/h4><\/div><\/div><div class=\"pc-wrapper\"><div class=\"pc-holder\"><div class=\"pc-page-wrapper\"><div class=\"pc-item\" data-defwidth=\"396\" data-type=\"smallslider\" data-itemid=\"833\"><a href=\"https:\/\/campussul.pt\/en\/portfolio\/phd\/\" title=\"PhD\"><div class=\"pg-img-wrapper\"><span class=\"icon-circle\"><span class=\"pg-icon smallslider-icon\"><\/span><\/span><img decoding=\"async\" src=\"https:\/\/campussul.pt\/wp-content\/uploads\/2021\/09\/IMG_6563-scaled-586x349.jpg\" alt=\"PhD\"\/><\/div><div class=\"pg-info\"><div class=\"pg-details\"><h2>PhD<\/h2><span class=\"pg-categories\">Training<\/span><\/div><\/div><\/a><\/div><div class=\"pc-item\" data-defwidth=\"396\" data-type=\"smallslider\" data-itemid=\"834\"><a href=\"https:\/\/campussul.pt\/en\/portfolio\/masters\/\" title=\"Masters\"><div class=\"pg-img-wrapper\"><span class=\"icon-circle\"><span class=\"pg-icon smallslider-icon\"><\/span><\/span><img decoding=\"async\" src=\"https:\/\/campussul.pt\/wp-content\/uploads\/2021\/09\/UEvora07-scaled-586x349.jpg\" alt=\"Masters\"\/><\/div><div class=\"pg-info\"><div class=\"pg-details\"><h2>Masters<\/h2><span class=\"pg-categories\">Training<\/span><\/div><\/div><\/a><\/div><\/div><div class=\"pc-page-wrapper\"><div class=\"pc-item\" data-defwidth=\"396\" data-type=\"smallslider\" data-itemid=\"832\"><a href=\"https:\/\/campussul.pt\/en\/portfolio\/other-capacity-building-programs\/\" title=\"Other capacity building programs\"><div class=\"pg-img-wrapper\"><span class=\"icon-circle\"><span class=\"pg-icon smallslider-icon\"><\/span><\/span><img decoding=\"async\" src=\"https:\/\/campussul.pt\/wp-content\/uploads\/2021\/09\/UEvora02-scaled-586x349.jpg\" alt=\"Other capacity building programs\"\/><\/div><div class=\"pg-info\"><div class=\"pg-details\"><h2>Other capacity building programs<\/h2><span class=\"pg-categories\">Training<\/span><\/div><\/div><\/a><\/div><\/div><\/div><\/div><div class=\"clear\"><\/div><a class=\"link-title\" href=\"\">Know more<span class=\"more-arrow\">&rsaquo;<\/span><\/a><div class=\"clear\"><\/div><\/div>\n<\/div><\/div>\n<div class=\"portfolio-carousel pc-no-link pc-spacing pc-effect-icon pc-effect-zoom pc-effect-overlay\"><div class=\"pc-header\"><div class=\"carousel-title\"> <h4 class=\"small-title\">Associated Labs<\/h4><\/div><\/div><div class=\"pc-wrapper\"><div class=\"pc-holder\"><div class=\"pc-page-wrapper\"><div class=\"pc-item\" data-defwidth=\"396\" data-type=\"smallslider\" data-itemid=\"416\"><a href=\"https:\/\/campussul.pt\/en\/portfolio\/in2past\/\" title=\"IN2PAST Research and Innovation in Heritage,  Arts, Sustainability and Territory\"><div class=\"pg-img-wrapper\"><span class=\"icon-circle\"><span class=\"pg-icon smallslider-icon\"><\/span><\/span><img decoding=\"async\" src=\"http:\/\/campussul.pt\/wp-content\/uploads\/2021\/08\/in2past_1.jpg\" alt=\"IN2PAST Research and Innovation in Heritage,  Arts, Sustainability and Territory\"\/><\/div><div class=\"pg-info\"><div class=\"pg-details\"><h2>IN2PAST Research and Innovation in Heritage,  Arts, Sustainability and Territory<\/h2><span class=\"pg-categories\">Investiga\u00e7\u00e3o - Laborat\u00f3rio Associados<\/span><\/div><\/div><\/a><\/div><div class=\"pc-item\" data-defwidth=\"396\" data-type=\"smallslider\" data-itemid=\"415\"><a href=\"https:\/\/campussul.pt\/en\/portfolio\/realtranslation\/\" title=\"REAL Translation and Innovation Towards Global Health\"><div class=\"pg-img-wrapper\"><span class=\"icon-circle\"><span class=\"pg-icon smallslider-icon\"><\/span><\/span><img decoding=\"async\" src=\"http:\/\/campussul.pt\/wp-content\/uploads\/2021\/08\/REAL-1.jpg\" alt=\"REAL Translation and Innovation Towards Global Health\"\/><\/div><div class=\"pg-info\"><div class=\"pg-details\"><h2>REAL Translation and Innovation Towards Global Health<\/h2><span class=\"pg-categories\">Investiga\u00e7\u00e3o - Laborat\u00f3rio Associados<\/span><\/div><\/div><\/a><\/div><\/div><div class=\"pc-page-wrapper\"><div class=\"pc-item\" data-defwidth=\"396\" data-type=\"smallslider\" data-itemid=\"414\"><a href=\"https:\/\/campussul.pt\/en\/portfolio\/rise\/\" title=\"RISE Health Research Network: from the  Lab to the Community\"><div class=\"pg-img-wrapper\"><span class=\"icon-circle\"><span class=\"pg-icon smallslider-icon\"><\/span><\/span><img decoding=\"async\" src=\"http:\/\/campussul.pt\/wp-content\/uploads\/2021\/08\/RISE-1.jpg\" alt=\"RISE Health Research Network: from the  Lab to the Community\"\/><\/div><div class=\"pg-info\"><div class=\"pg-details\"><h2>RISE Health Research Network: from the  Lab to the Community<\/h2><span class=\"pg-categories\">Investiga\u00e7\u00e3o - Laborat\u00f3rio Associados<\/span><\/div><\/div><\/a><\/div><div class=\"pc-item\" data-defwidth=\"396\" data-type=\"smallslider\" data-itemid=\"409\"><a href=\"https:\/\/campussul.pt\/en\/portfolio\/arinet\/\" title=\"ARI-NET Infrastructure Network in Aquatic Research\"><div class=\"pg-img-wrapper\"><span class=\"icon-circle\"><span class=\"pg-icon smallslider-icon\"><\/span><\/span><img decoding=\"async\" src=\"http:\/\/campussul.pt\/wp-content\/uploads\/2021\/08\/ARINET-1.png\" alt=\"ARI-NET Infrastructure Network in Aquatic Research\"\/><\/div><div class=\"pg-info\"><div class=\"pg-details\"><h2>ARI-NET Infrastructure Network in Aquatic Research<\/h2><span class=\"pg-categories\">Investiga\u00e7\u00e3o - Laborat\u00f3rio Associados<\/span><\/div><\/div><\/a><\/div><\/div><div class=\"pc-page-wrapper\"><div class=\"pc-item\" data-defwidth=\"396\" data-type=\"smallslider\" data-itemid=\"408\"><a href=\"https:\/\/campussul.pt\/en\/portfolio\/change\/\" title=\"CHANGE Institute for Global Change  and Sustainability\"><div class=\"pg-img-wrapper\"><span class=\"icon-circle\"><span class=\"pg-icon smallslider-icon\"><\/span><\/span><img decoding=\"async\" src=\"http:\/\/campussul.pt\/wp-content\/uploads\/2021\/08\/CHANGE-1.jpeg\" alt=\"CHANGE Institute for Global Change  and Sustainability\"\/><\/div><div class=\"pg-info\"><div class=\"pg-details\"><h2>CHANGE Institute for Global Change  and Sustainability<\/h2><span class=\"pg-categories\">Investiga\u00e7\u00e3o - Laborat\u00f3rio Associados<\/span><\/div><\/div><\/a><\/div><div class=\"pc-item\" data-defwidth=\"396\" data-type=\"smallslider\" data-itemid=\"407\"><a href=\"https:\/\/campussul.pt\/en\/portfolio\/laqvreqimte\/\" title=\"LAQV\/REQUIMTE, Associated Laboratory  for Green Chemistry  - Clean  Technologies and Processes\"><div class=\"pg-img-wrapper\"><span class=\"icon-circle\"><span class=\"pg-icon smallslider-icon\"><\/span><\/span><img decoding=\"async\" src=\"http:\/\/campussul.pt\/wp-content\/uploads\/2021\/08\/LAQV-1.png\" alt=\"LAQV\/REQUIMTE, Associated Laboratory  for Green Chemistry  - Clean  Technologies and Processes\"\/><\/div><div class=\"pg-info\"><div class=\"pg-details\"><h2>LAQV\/REQUIMTE, Associated Laboratory  for Green Chemistry  - Clean  Technologies and Processes<\/h2><span class=\"pg-categories\">Investiga\u00e7\u00e3o - Laborat\u00f3rio Associados<\/span><\/div><\/div><\/a><\/div><\/div><\/div><\/div><div class=\"clear\"><\/div><div class=\"clear\"><\/div><\/div>\n<div class=\"services-wrapper services-icon cols-wrapper cols-2\"><div class=\"services-box col\"><div class=\"img-container\"><img decoding=\"async\" src=\"http:\/\/campussul.pt\/wp-content\/uploads\/2021\/08\/usul_artigos_coautoria-2-130x130.png\" alt=\" + 300 co-authored articles\"\/><\/div><div class=\"services-content\"><div class=\"sc-wraper\"><h3> + 300 co-authored articles<\/h3><p>in the last 5 years<\/p><\/div><\/div><\/div><div class=\"services-box col nomargin\"><div class=\"img-container\"><img decoding=\"async\" src=\"http:\/\/campussul.pt\/wp-content\/uploads\/2021\/08\/usul_artigos_parceria_internacional-1-130x130.png\" alt=\"Articles in international partnership\"\/><\/div><div class=\"services-content\"><div class=\"sc-wraper\"><h3>Articles in international partnership<\/h3><p>47% of articles in international partnership<\/p><\/div><\/div><\/div><div class=\"services-box col\"><div class=\"img-container\"><img decoding=\"async\" src=\"http:\/\/campussul.pt\/wp-content\/uploads\/2021\/08\/usul_top_journals-1-130x130.png\" alt=\"Top Journals\"\/><\/div><div class=\"services-content\"><div class=\"sc-wraper\"><h3>Top Journals<\/h3><p>32.6% indexed in the Top 10% of journals with the best Citescore.<\/p><\/div><\/div><\/div><div class=\"services-box col nomargin\"><div class=\"img-container\"><img decoding=\"async\" src=\"http:\/\/campussul.pt\/wp-content\/uploads\/2021\/08\/usul_parcerias_internacionais-1-130x130.png\" alt=\"+ 24 research areas\"\/><\/div><div class=\"services-content\"><div class=\"sc-wraper\"><h3>+ 24 research areas<\/h3><p>Principais \u00e1reas cient\u00edficas (Scopus)<\/p><\/div><\/div><\/div><div class=\"clear\"><\/div><\/div>\n<p>&nbsp;<\/p>\n","protected":false},"excerpt":{"rendered":"<p>&nbsp;<\/p>\n","protected":false},"author":1,"featured_media":0,"parent":0,"menu_order":0,"comment_status":"open","ping_status":"open","template":"template-full-custom.php","meta":{"footnotes":""},"class_list":["post-432","page","type-page","status-publish","hentry"],"_links":{"self":[{"href":"https:\/\/campussul.pt\/en\/wp-json\/wp\/v2\/pages\/432","targetHints":{"allow":["GET"]}}],"collection":[{"href":"https:\/\/campussul.pt\/en\/wp-json\/wp\/v2\/pages"}],"about":[{"href":"https:\/\/campussul.pt\/en\/wp-json\/wp\/v2\/types\/page"}],"author":[{"embeddable":true,"href":"https:\/\/campussul.pt\/en\/wp-json\/wp\/v2\/users\/1"}],"replies":[{"embeddable":true,"href":"https:\/\/campussul.pt\/en\/wp-json\/wp\/v2\/comments?post=432"}],"version-history":[{"count":8,"href":"https:\/\/campussul.pt\/en\/wp-json\/wp\/v2\/pages\/432\/revisions"}],"predecessor-version":[{"id":857,"href":"https:\/\/campussul.pt\/en\/wp-json\/wp\/v2\/pages\/432\/revisions\/857"}],"wp:attachment":[{"href":"https:\/\/campussul.pt\/en\/wp-json\/wp\/v2\/media?parent=432"}],"curies":[{"name":"wp","href":"https:\/\/api.w.org\/{rel}","templated":true}]}}